{"id":150,"date":"2024-01-10T21:50:53","date_gmt":"2024-01-10T21:50:53","guid":{"rendered":"https:\/\/www.testblog.host25.com\/?page_id=150"},"modified":"2024-04-23T19:14:09","modified_gmt":"2024-04-23T19:14:09","slug":"registracija-vozila","status":"publish","type":"page","link":"https:\/\/autoremont.rs\/index.php\/registracija-vozila\/","title":{"rendered":"Registracija vozila"},"content":{"rendered":"<p>[et_pb_section fb_built=&#8221;1&#8243; admin_label=&#8221;About Us&#8221; _builder_version=&#8221;4.24.0&#8243; background_enable_pattern_style=&#8221;on&#8221; background_pattern_style=&#8221;diagonal-stripes-2&#8243; background_pattern_color=&#8221;rgba(0,0,0,0.008)&#8221; custom_padding=&#8221;70px|10%||10%|false|false&#8221; saved_tabs=&#8221;all&#8221; global_colors_info=&#8221;{}&#8221;][et_pb_row _builder_version=&#8221;4.16&#8243; max_width=&#8221;960px&#8221; module_alignment=&#8221;center&#8221; use_custom_width=&#8221;on&#8221; custom_width_px=&#8221;960px&#8221; locked=&#8221;off&#8221; global_colors_info=&#8221;{}&#8221;][et_pb_column type=&#8221;4_4&#8243; _builder_version=&#8221;4.16&#8243; custom_padding=&#8221;|||&#8221; global_colors_info=&#8221;{}&#8221; custom_padding__hover=&#8221;|||&#8221;][et_pb_text admin_label=&#8221;Title&#8221; _builder_version=&#8221;4.24.0&#8243; text_font=&#8221;Lato||||||||&#8221; text_font_size=&#8221;18px&#8221; text_line_height=&#8221;1.8em&#8221; header_font=&#8221;||||||||&#8221; header_2_font=&#8221;Montserrat||||||||&#8221; header_2_font_size=&#8221;46px&#8221; text_orientation=&#8221;center&#8221; max_width=&#8221;750px&#8221; module_alignment=&#8221;center&#8221; custom_margin=&#8221;|||&#8221; header_2_font_size_tablet=&#8221;66px&#8221; header_2_font_size_phone=&#8221;36px&#8221; header_2_font_size_last_edited=&#8221;on|phone&#8221; global_colors_info=&#8221;{}&#8221;]<\/p>\n<h2>Registracija vozila<\/h2>\n<p style=\"text-align: left;\">[\/et_pb_text][\/et_pb_column][\/et_pb_row][et_pb_row _builder_version=&#8221;4.23.4&#8243; _module_preset=&#8221;default&#8221; global_colors_info=&#8221;{}&#8221;][et_pb_column type=&#8221;4_4&#8243; _builder_version=&#8221;4.23.4&#8243; _module_preset=&#8221;default&#8221; global_colors_info=&#8221;{}&#8221;][et_pb_text _builder_version=&#8221;4.24.0&#8243; _module_preset=&#8221;default&#8221; text_font=&#8221;Montserrat||||||||&#8221; text_text_color=&#8221;#484c5a&#8221; global_colors_info=&#8221;{}&#8221;]<\/p>\n<p><span>Vr\u0161imo tehni\u010dki pregled za sve vrste vozila (putni\u010dka, teretna, priklju\u010dna vozila i motocikle), a tako\u0111e vr\u0161imo pregled vangabaritnih vozila, \u010detvorocikala, traktora i radnih ma\u0161ina na poligonu.<\/span><\/p>\n<p>Radimo polise osiguranja autoodgovornosti\u00a0i zelene kartone osiguravaju\u0107ih dru\u0161tava DDOR i Dunav.<\/p>\n<p>U saradnji sa Ma\u0161inskim fakultetom iz Beograda vr\u0161imo atestiranje vozila.<\/p>\n<p>[\/et_pb_text][\/et_pb_column][\/et_pb_row][et_pb_row _builder_version=&#8221;4.23.4&#8243; _module_preset=&#8221;default&#8221; global_colors_info=&#8221;{}&#8221;][et_pb_column type=&#8221;4_4&#8243; _builder_version=&#8221;4.23.4&#8243; _module_preset=&#8221;default&#8221; global_colors_info=&#8221;{}&#8221;][et_pb_image src=&#8221;https:\/\/www.testblog.host25.com\/wp-content\/uploads\/2024\/04\/download-9.png&#8221; title_text=&#8221;download (9)&#8221; align=&#8221;center&#8221; _builder_version=&#8221;4.24.0&#8243; _module_preset=&#8221;default&#8221; hover_enabled=&#8221;0&#8243; global_colors_info=&#8221;{}&#8221; sticky_enabled=&#8221;0&#8243;][\/et_pb_image][\/et_pb_column][\/et_pb_row][et_pb_row _builder_version=&#8221;4.23.4&#8243; _module_preset=&#8221;default&#8221; global_colors_info=&#8221;{}&#8221;][et_pb_column type=&#8221;4_4&#8243; _builder_version=&#8221;4.23.4&#8243; _module_preset=&#8221;default&#8221; global_colors_info=&#8221;{}&#8221;][et_pb_text _builder_version=&#8221;4.24.0&#8243; _module_preset=&#8221;default&#8221; text_text_color=&#8221;#484c5a&#8221; global_colors_info=&#8221;{}&#8221;]<\/p>\n<p>Pla\u0107anje registracije: gotovina, kartice, \u010dekovi gra\u0111ana, administrativne zabrane.<\/p>\n<p>[\/et_pb_text][\/et_pb_column][\/et_pb_row][et_pb_row _builder_version=&#8221;4.23.4&#8243; _module_preset=&#8221;default&#8221; global_colors_info=&#8221;{}&#8221;][et_pb_column type=&#8221;4_4&#8243; _builder_version=&#8221;4.23.4&#8243; _module_preset=&#8221;default&#8221; global_colors_info=&#8221;{}&#8221;][et_pb_image src=&#8221;https:\/\/www.testblog.host25.com\/wp-content\/uploads\/2024\/01\/Registraciona-nalepnica.jpg&#8221; title_text=&#8221;Registraciona-nalepnica&#8221; align=&#8221;center&#8221; _builder_version=&#8221;4.23.4&#8243; _module_preset=&#8221;default&#8221; global_colors_info=&#8221;{}&#8221;][\/et_pb_image][\/et_pb_column][\/et_pb_row][et_pb_row _builder_version=&#8221;4.23.4&#8243; _module_preset=&#8221;default&#8221; global_colors_info=&#8221;{}&#8221;][et_pb_column type=&#8221;4_4&#8243; _builder_version=&#8221;4.23.4&#8243; _module_preset=&#8221;default&#8221; global_colors_info=&#8221;{}&#8221;][et_pb_text _builder_version=&#8221;4.24.0&#8243; _module_preset=&#8221;default&#8221; text_text_color=&#8221;#484c5a&#8221; global_colors_info=&#8221;{}&#8221;]<\/p>\n<h3><strong>Radno vreme:<\/strong><\/h3>\n<p>&nbsp;<\/p>\n<p>ponedeljak \u2013 petak: 07:00 \u2013 20:00h<\/p>\n<p>subota: 08:00 \u2013 13:00h<\/p>\n<p><strong>\u00a0<\/strong><\/p>\n<p>Do\u010deka\u0107e vas ljubazno osoblje.<\/p>\n<p>[\/et_pb_text][\/et_pb_column][\/et_pb_row][\/et_pb_section]<\/p>\n","protected":false},"excerpt":{"rendered":"<p>Registracija vozila Vr\u0161imo tehni\u010dki pregled za sve vrste vozila (putni\u010dka, teretna, priklju\u010dna vozila i motocikle), a tako\u0111e vr\u0161imo pregled vangabaritnih vozila, \u010detvorocikala, traktora i radnih ma\u0161ina na poligonu. Radimo polise osiguranja autoodgovornosti\u00a0i zelene kartone osiguravaju\u0107ih dru\u0161tava DDOR i Dunav. U saradnji sa Ma\u0161inskim fakultetom iz Beograda vr\u0161imo atestiranje vozila.Pla\u0107anje registracije: gotovina, kartice, \u010dekovi gra\u0111ana, administrativne [&hellip;]<\/p>\n","protected":false},"author":1,"featured_media":0,"parent":0,"menu_order":0,"comment_status":"closed","ping_status":"open","template":"","meta":{"_et_pb_use_builder":"on","_et_pb_old_content":"<!-- wp:divi\/placeholder \/-->","_et_gb_content_width":"","footnotes":""},"class_list":["post-150","page","type-page","status-publish","hentry"],"_links":{"self":[{"href":"https:\/\/autoremont.rs\/index.php\/wp-json\/wp\/v2\/pages\/150","targetHints":{"allow":["GET"]}}],"collection":[{"href":"https:\/\/autoremont.rs\/index.php\/wp-json\/wp\/v2\/pages"}],"about":[{"href":"https:\/\/autoremont.rs\/index.php\/wp-json\/wp\/v2\/types\/page"}],"author":[{"embeddable":true,"href":"https:\/\/autoremont.rs\/index.php\/wp-json\/wp\/v2\/users\/1"}],"replies":[{"embeddable":true,"href":"https:\/\/autoremont.rs\/index.php\/wp-json\/wp\/v2\/comments?post=150"}],"version-history":[{"count":10,"href":"https:\/\/autoremont.rs\/index.php\/wp-json\/wp\/v2\/pages\/150\/revisions"}],"predecessor-version":[{"id":948,"href":"https:\/\/autoremont.rs\/index.php\/wp-json\/wp\/v2\/pages\/150\/revisions\/948"}],"wp:attachment":[{"href":"https:\/\/autoremont.rs\/index.php\/wp-json\/wp\/v2\/media?parent=150"}],"curies":[{"name":"wp","href":"https:\/\/api.w.org\/{rel}","templated":true}]}}