{"id":154,"date":"2024-01-10T21:51:26","date_gmt":"2024-01-10T21:51:26","guid":{"rendered":"https:\/\/www.testblog.host25.com\/?page_id=154"},"modified":"2024-01-27T22:20:44","modified_gmt":"2024-01-27T22:20:44","slug":"kontakt","status":"publish","type":"page","link":"https:\/\/autoremont.rs\/index.php\/kontakt\/","title":{"rendered":"Kontakt"},"content":{"rendered":"<p>[et_pb_section fb_built=&#8221;1&#8243; admin_label=&#8221;About Us&#8221; _builder_version=&#8221;4.24.0&#8243; background_enable_pattern_style=&#8221;on&#8221; background_pattern_style=&#8221;diagonal-stripes-2&#8243; background_pattern_color=&#8221;rgba(0,0,0,0.008)&#8221; custom_padding=&#8221;70px|10%||10%|false|false&#8221; hover_enabled=&#8221;0&#8243; saved_tabs=&#8221;all&#8221; global_colors_info=&#8221;{}&#8221; sticky_enabled=&#8221;0&#8243;][et_pb_row _builder_version=&#8221;4.16&#8243; max_width=&#8221;960px&#8221; module_alignment=&#8221;center&#8221; use_custom_width=&#8221;on&#8221; custom_width_px=&#8221;960px&#8221; locked=&#8221;off&#8221; global_colors_info=&#8221;{}&#8221;][et_pb_column type=&#8221;4_4&#8243; _builder_version=&#8221;4.16&#8243; custom_padding=&#8221;|||&#8221; global_colors_info=&#8221;{}&#8221; custom_padding__hover=&#8221;|||&#8221;][et_pb_text admin_label=&#8221;Title&#8221; _builder_version=&#8221;4.24.0&#8243; text_font=&#8221;Lato||||||||&#8221; text_font_size=&#8221;18px&#8221; text_line_height=&#8221;1.8em&#8221; header_font=&#8221;Montserrat||||||||&#8221; header_2_font=&#8221;Montserrat|500|||||||&#8221; header_2_text_color=&#8221;#ae0427&#8243; header_2_font_size=&#8221;46px&#8221; text_orientation=&#8221;center&#8221; max_width=&#8221;750px&#8221; module_alignment=&#8221;center&#8221; custom_margin=&#8221;|||&#8221; header_2_font_size_tablet=&#8221;66px&#8221; header_2_font_size_phone=&#8221;36px&#8221; header_2_font_size_last_edited=&#8221;on|phone&#8221; global_colors_info=&#8221;{}&#8221;]<\/p>\n<h2>Gde se nalazimo<\/h2>\n<p style=\"text-align: left;\">[\/et_pb_text][\/et_pb_column][\/et_pb_row][et_pb_row column_structure=&#8221;1_2,1_2&#8243; _builder_version=&#8221;4.24.0&#8243; _module_preset=&#8221;default&#8221; custom_margin=&#8221;1px|auto||auto|false|false&#8221; global_colors_info=&#8221;{}&#8221;][et_pb_column type=&#8221;1_2&#8243; _builder_version=&#8221;4.23.4&#8243; _module_preset=&#8221;default&#8221; global_colors_info=&#8221;{}&#8221;][et_pb_text _builder_version=&#8221;4.24.0&#8243; _module_preset=&#8221;default&#8221; text_font=&#8221;Montserrat||||||||&#8221; text_text_color=&#8221;#6e6e6e&#8221; text_orientation=&#8221;center&#8221; global_colors_info=&#8221;{}&#8221;]<\/p>\n<p><strong><img loading=\"lazy\" decoding=\"async\" src=\"https:\/\/www.testblog.host25.com\/wp-content\/uploads\/2024\/01\/Autoremont-Logo-01_clipped_rev_1-300x167.png\" width=\"300\" height=\"167\" alt=\"\" class=\"wp-image-694 alignnone size-medium\" style=\"display: block; margin-left: auto; margin-right: auto;\" \/><\/strong><strong>Autoremont Piva\u0161evi\u0107 DOO<\/strong><br \/><span>Servis i prodaja vozila<\/span><br \/><span>Jabu\u010dki put 36, 26000 Pan\u010devo<\/span><\/p>\n<p>[\/et_pb_text][et_pb_code _builder_version=&#8221;4.24.0&#8243; _module_preset=&#8221;default&#8221; box_shadow_style=&#8221;preset1&#8243; global_colors_info=&#8221;{}&#8221;]<iframe src=\"https:\/\/www.google.com\/maps\/embed?pb=!1m18!1m12!1m3!1d2825.7614832377835!2d20.63028007519272!3d44.90784787038875!2m3!1f0!2f0!3f0!3m2!1i1024!2i768!4f13.1!3m3!1m2!1s0x475a7dde208ceea1%3A0xe06d7373ea34309a!2sAutoremont%20Centar%20Piva%C5%A1evi%C4%87!5e0!3m2!1sen!2srs!4v1705012697131!5m2!1sen!2srs\" width=\"600\" height=\"450\" style=\"border:0;\" allowfullscreen=\"\" loading=\"lazy\" referrerpolicy=\"no-referrer-when-downgrade\"><\/iframe>[\/et_pb_code][\/et_pb_column][et_pb_column type=&#8221;1_2&#8243; _builder_version=&#8221;4.23.4&#8243; _module_preset=&#8221;default&#8221; global_colors_info=&#8221;{}&#8221;][et_pb_text _builder_version=&#8221;4.24.0&#8243; _module_preset=&#8221;default&#8221; text_font=&#8221;Montserrat||||||||&#8221; text_text_color=&#8221;#6e6e6e&#8221; header_text_color=&#8221;#6e6e6e&#8221; text_orientation=&#8221;center&#8221; global_colors_info=&#8221;{}&#8221;]<\/p>\n<p><strong><img loading=\"lazy\" decoding=\"async\" src=\"https:\/\/www.testblog.host25.com\/wp-content\/uploads\/2024\/01\/Logo-Autocentar-01_clipped_rev_1-300x167.png\" width=\"300\" height=\"167\" alt=\"\" class=\"wp-image-695 alignnone size-medium\" style=\"display: block; margin-left: auto; margin-right: auto;\" \/>Autocentar Piva\u0161evi\u0107 DOO<\/strong><br \/><span>Registracija i tehni\u010dki pregled vozila<\/span><br \/><span>Stevana \u0160upljikca 28, 26000 Pan\u010devo<\/span><\/p>\n<p>[\/et_pb_text][et_pb_code _builder_version=&#8221;4.24.0&#8243; _module_preset=&#8221;default&#8221; box_shadow_style=&#8221;preset1&#8243; global_colors_info=&#8221;{}&#8221;]<iframe src=\"https:\/\/www.google.com\/maps\/embed?pb=!1m18!1m12!1m3!1d2827.35573130624!2d20.66079767519054!3d44.875409172532315!2m3!1f0!2f0!3f0!3m2!1i1024!2i768!4f13.1!3m3!1m2!1s0x475a7f2c480bab65%3A0x70665c7ffdcdb70e!2sAUTOCENTAR%20PIVA%C5%A0EVI%C4%86%20DOO!5e0!3m2!1sen!2srs!4v1705012765358!5m2!1sen!2srs\" width=\"600\" height=\"450\" style=\"border:0;\" allowfullscreen=\"\" loading=\"lazy\" referrerpolicy=\"no-referrer-when-downgrade\"><\/iframe>[\/et_pb_code][\/et_pb_column][\/et_pb_row][\/et_pb_section]<\/p>\n","protected":false},"excerpt":{"rendered":"<p>Gde se nalazimo Autoremont Piva\u0161evi\u0107 DOOServis i prodaja vozilaJabu\u010dki put 36, 26000 Pan\u010devoAutocentar Piva\u0161evi\u0107 DOORegistracija i tehni\u010dki pregled vozilaStevana \u0160upljikca 28, 26000 Pan\u010devo<\/p>\n","protected":false},"author":1,"featured_media":0,"parent":0,"menu_order":0,"comment_status":"closed","ping_status":"open","template":"","meta":{"_et_pb_use_builder":"on","_et_pb_old_content":"<!-- wp:divi\/placeholder \/-->","_et_gb_content_width":"","footnotes":""},"class_list":["post-154","page","type-page","status-publish","hentry"],"_links":{"self":[{"href":"https:\/\/autoremont.rs\/index.php\/wp-json\/wp\/v2\/pages\/154","targetHints":{"allow":["GET"]}}],"collection":[{"href":"https:\/\/autoremont.rs\/index.php\/wp-json\/wp\/v2\/pages"}],"about":[{"href":"https:\/\/autoremont.rs\/index.php\/wp-json\/wp\/v2\/types\/page"}],"author":[{"embeddable":true,"href":"https:\/\/autoremont.rs\/index.php\/wp-json\/wp\/v2\/users\/1"}],"replies":[{"embeddable":true,"href":"https:\/\/autoremont.rs\/index.php\/wp-json\/wp\/v2\/comments?post=154"}],"version-history":[{"count":23,"href":"https:\/\/autoremont.rs\/index.php\/wp-json\/wp\/v2\/pages\/154\/revisions"}],"predecessor-version":[{"id":764,"href":"https:\/\/autoremont.rs\/index.php\/wp-json\/wp\/v2\/pages\/154\/revisions\/764"}],"wp:attachment":[{"href":"https:\/\/autoremont.rs\/index.php\/wp-json\/wp\/v2\/media?parent=154"}],"curies":[{"name":"wp","href":"https:\/\/api.w.org\/{rel}","templated":true}]}}