{"id":162,"date":"2024-01-10T21:55:04","date_gmt":"2024-01-10T21:55:04","guid":{"rendered":"https:\/\/www.testblog.host25.com\/?page_id=162"},"modified":"2024-04-23T19:09:08","modified_gmt":"2024-04-23T19:09:08","slug":"servis-karoserija","status":"publish","type":"page","link":"https:\/\/autoremont.rs\/index.php\/servis\/servis-karoserija\/","title":{"rendered":"Servis karoserija"},"content":{"rendered":"<p>[et_pb_section fb_built=&#8221;1&#8243; custom_padding_last_edited=&#8221;on|phone&#8221; admin_label=&#8221;About Us&#8221; _builder_version=&#8221;4.24.0&#8243; background_enable_pattern_style=&#8221;on&#8221; background_pattern_style=&#8221;diagonal-stripes-2&#8243; background_pattern_color=&#8221;rgba(0,0,0,0.008)&#8221; custom_padding=&#8221;70px|9.9%||10%|false|false&#8221; custom_padding_tablet=&#8221;120px|0px||0px|false|false&#8221; custom_padding_phone=&#8221;60px|0px||0px|false|false&#8221; saved_tabs=&#8221;all&#8221; global_colors_info=&#8221;{}&#8221;][et_pb_row _builder_version=&#8221;4.16&#8243; max_width=&#8221;960px&#8221; module_alignment=&#8221;center&#8221; use_custom_width=&#8221;on&#8221; custom_width_px=&#8221;960px&#8221; locked=&#8221;off&#8221; global_colors_info=&#8221;{}&#8221;][et_pb_column type=&#8221;4_4&#8243; _builder_version=&#8221;4.16&#8243; custom_padding=&#8221;|||&#8221; global_colors_info=&#8221;{}&#8221; custom_padding__hover=&#8221;|||&#8221;][et_pb_text admin_label=&#8221;Title&#8221; _builder_version=&#8221;4.24.0&#8243; text_font=&#8221;Lato||||||||&#8221; text_font_size=&#8221;18px&#8221; text_line_height=&#8221;1.8em&#8221; header_font=&#8221;||||||||&#8221; header_2_font=&#8221;Montserrat||||||||&#8221; header_2_font_size=&#8221;46px&#8221; text_orientation=&#8221;center&#8221; max_width=&#8221;750px&#8221; module_alignment=&#8221;center&#8221; custom_margin=&#8221;|||&#8221; header_2_font_size_tablet=&#8221;66px&#8221; header_2_font_size_phone=&#8221;36px&#8221; header_2_font_size_last_edited=&#8221;on|phone&#8221; global_colors_info=&#8221;{}&#8221;]<\/p>\n<h2>Servis karoserija<\/h2>\n<p style=\"text-align: left;\">[\/et_pb_text][et_pb_text admin_label=&#8221;Title&#8221; _builder_version=&#8221;4.24.0&#8243; text_font=&#8221;Lato||||||||&#8221; text_font_size=&#8221;18px&#8221; text_line_height=&#8221;1.8em&#8221; header_font=&#8221;||||||||&#8221; header_2_font=&#8221;Montserrat||||||||&#8221; header_2_font_size=&#8221;46px&#8221; text_orientation=&#8221;center&#8221; max_width=&#8221;750px&#8221; module_alignment=&#8221;center&#8221; custom_margin=&#8221;|||&#8221; header_2_font_size_tablet=&#8221;66px&#8221; header_2_font_size_phone=&#8221;36px&#8221; header_2_font_size_last_edited=&#8221;on|phone&#8221; global_colors_info=&#8221;{}&#8221;]<\/p>\n<h3>Limarsko-lakirerski radovi\u00a0 \u00a0 \u00a0 \u00a0 \u00a0 Remont karoserija<\/h3>\n<p style=\"text-align: left;\">\n<p>[\/et_pb_text][\/et_pb_column][\/et_pb_row][et_pb_row _builder_version=&#8221;4.23.4&#8243; _module_preset=&#8221;default&#8221; global_colors_info=&#8221;{}&#8221;][et_pb_column type=&#8221;4_4&#8243; _builder_version=&#8221;4.23.4&#8243; _module_preset=&#8221;default&#8221; global_colors_info=&#8221;{}&#8221;][et_pb_text _builder_version=&#8221;4.24.0&#8243; _module_preset=&#8221;default&#8221; text_font=&#8221;Montserrat||||||||&#8221; text_text_color=&#8221;#484c5a&#8221; global_colors_info=&#8221;{}&#8221;]<\/p>\n<h3><span>Kompletna reparacija\u00a0 vozila<\/span><\/h3>\n<p>Proizvo\u0111a\u010di u automobilskoj industriji uvek preporu\u010duju reparacije vozila isklju\u010divo u ovla\u0161\u0107enim i \u00a0specijalizovanim servisima iz razloga \u0161to oni imaju pristup najnovijim informacijama, tehni\u010dkim biltenima, originalnim rezervnim delovima, preporu\u010denim i obavezuju\u0107im dijagnosti\u010dkim ure\u0111ajima, obu\u010denim i sertifikovanim kadrovima.<\/p>\n<h3>Lakirnica<\/h3>\n<p>Servis je opremljen najsavremenijim limarsko-lakirerskim centrom u okru\u017eenju, sa presti\u017enim komorama za pripremu, su\u0161enje i pe\u010denje boje za sve vrste putni\u010dkih, lakih dostavnih vozila, teretnih vozila, prikolica, cisterni i zglobnih autobusa. Komora za komercijalna vozila je du\u017eine 22 metra, dok je komora za putni\u010dki program du\u017eine 8 metara. Ove dimenzije komora za lakiranje \u00a0omogu\u0107avaju rad na vozilima razli\u010ditih gabarita. Temparaturu vazduha u komorama programiramo prema tehnolo\u0161kim specifikacijama razli\u010ditih proizvo\u0111a\u010da boja.<\/p>\n<p>[\/et_pb_text][\/et_pb_column][\/et_pb_row][et_pb_row _builder_version=&#8221;4.23.4&#8243; _module_preset=&#8221;default&#8221; global_colors_info=&#8221;{}&#8221;][et_pb_column type=&#8221;4_4&#8243; _builder_version=&#8221;4.23.4&#8243; _module_preset=&#8221;default&#8221; global_colors_info=&#8221;{}&#8221;][et_pb_image src=&#8221;https:\/\/www.testblog.host25.com\/wp-content\/uploads\/2024\/01\/Cisterna1.jpg&#8221; title_text=&#8221;Cisterna1&#8243; align=&#8221;center&#8221; _builder_version=&#8221;4.23.4&#8243; _module_preset=&#8221;default&#8221; global_colors_info=&#8221;{}&#8221;][\/et_pb_image][\/et_pb_column][\/et_pb_row][et_pb_row _builder_version=&#8221;4.23.4&#8243; _module_preset=&#8221;default&#8221; global_colors_info=&#8221;{}&#8221;][et_pb_column type=&#8221;4_4&#8243; _builder_version=&#8221;4.23.4&#8243; _module_preset=&#8221;default&#8221; global_colors_info=&#8221;{}&#8221;][et_pb_text _builder_version=&#8221;4.24.0&#8243; _module_preset=&#8221;default&#8221; text_font=&#8221;Montserrat||||||||&#8221; text_text_color=&#8221;#484c5a&#8221; global_colors_info=&#8221;{}&#8221;]<\/p>\n<p>Sam postupak pripreme i lakiranja podle\u017ee faznoj kontroli od pripreme povr\u0161ina, nano\u0161enja podloga i zavr\u0161nom lakiranju uz obaveznu kontrolu debljine svakog nanosa. Odre\u0111ivanje nijanse i tona boje je u svakom slu\u010daju presudan faktor za postizanje kvaliteta. Raspola\u017eemo sa oko 20.000 hiljada nijansi boja na ton\u00a0 kartama svih renomiranih svetskih proizvo\u0111a\u010da boja, i recepture sa kojima posti\u017eemo maksimalnu ta\u010dnost nijanse boje. Na raspolaganju nam je i Spektrofotometar, najsavremeniji ure\u0111aj za direktno utvr\u0111ivanje boje na samom vozilu. Da bismo ispunili sve zahteve kupca i primenili\u00a0 sve vi\u0161e zahtevnu tehnologiju rada proizvo\u0111a\u010da boja, vr\u0161imo svakodnevnu obuku servisera i menad\u017ementa kako u zemlji, tako i u inostranstvu.<\/p>\n<p>[\/et_pb_text][\/et_pb_column][\/et_pb_row][et_pb_row _builder_version=&#8221;4.23.4&#8243; _module_preset=&#8221;default&#8221; global_colors_info=&#8221;{}&#8221;][et_pb_column type=&#8221;4_4&#8243; _builder_version=&#8221;4.23.4&#8243; _module_preset=&#8221;default&#8221; global_colors_info=&#8221;{}&#8221;][et_pb_image src=&#8221;https:\/\/www.testblog.host25.com\/wp-content\/uploads\/2024\/01\/Cisterna2.jpg&#8221; title_text=&#8221;Cisterna2&#8243; align=&#8221;center&#8221; _builder_version=&#8221;4.23.4&#8243; _module_preset=&#8221;default&#8221; global_colors_info=&#8221;{}&#8221;][\/et_pb_image][\/et_pb_column][\/et_pb_row][et_pb_row _builder_version=&#8221;4.23.4&#8243; _module_preset=&#8221;default&#8221; global_colors_info=&#8221;{}&#8221;][et_pb_column type=&#8221;4_4&#8243; _builder_version=&#8221;4.23.4&#8243; _module_preset=&#8221;default&#8221; global_colors_info=&#8221;{}&#8221;][et_pb_text _builder_version=&#8221;4.24.0&#8243; _module_preset=&#8221;default&#8221; text_font=&#8221;Montserrat||||||||&#8221; text_text_color=&#8221;#484c5a&#8221; global_colors_info=&#8221;{}&#8221;]<\/p>\n<h3>Limarija<\/h3>\n<p>Limarska radionica je osposobljena \u00a0da primi i uradi sve vrste havarisanih i o\u0161te\u0107enih vozila sa obu\u010denim i sertifikovanim kadrovima, \u0161to podrazumeva sve vrste hladnog i toplog peglanja, izvla\u010denje vakuumom i\u00a0spoterom do dovo\u0111enja \u00a0na fabri\u010dke mere.<\/p>\n<p>[\/et_pb_text][\/et_pb_column][\/et_pb_row][et_pb_row _builder_version=&#8221;4.23.4&#8243; _module_preset=&#8221;default&#8221; global_colors_info=&#8221;{}&#8221;][et_pb_column type=&#8221;4_4&#8243; _builder_version=&#8221;4.23.4&#8243; _module_preset=&#8221;default&#8221; global_colors_info=&#8221;{}&#8221;][et_pb_image src=&#8221;https:\/\/www.testblog.host25.com\/wp-content\/uploads\/2024\/01\/havarisano_voz.jpg&#8221; title_text=&#8221;havarisano_voz&#8221; align=&#8221;center&#8221; _builder_version=&#8221;4.23.4&#8243; _module_preset=&#8221;default&#8221; global_colors_info=&#8221;{}&#8221;][\/et_pb_image][\/et_pb_column][\/et_pb_row][et_pb_row _builder_version=&#8221;4.23.4&#8243; _module_preset=&#8221;default&#8221; global_colors_info=&#8221;{}&#8221;][et_pb_column type=&#8221;4_4&#8243; _builder_version=&#8221;4.23.4&#8243; _module_preset=&#8221;default&#8221; global_colors_info=&#8221;{}&#8221;][et_pb_text _builder_version=&#8221;4.24.0&#8243; _module_preset=&#8221;default&#8221; text_text_color=&#8221;#484c5a&#8221; custom_padding=&#8221;||2px|||&#8221; global_colors_info=&#8221;{}&#8221;]<\/p>\n<p>Spajanje-zavarivanje se sa uspehom radi na svim materijalima(AL,INOX\u2026), sa neznatnom promenom strukture materijala i oblika.<\/p>\n<p><span><\/span><\/p>\n<p>[\/et_pb_text][\/et_pb_column][\/et_pb_row][et_pb_row _builder_version=&#8221;4.23.4&#8243; _module_preset=&#8221;default&#8221; global_colors_info=&#8221;{}&#8221;][et_pb_column type=&#8221;4_4&#8243; _builder_version=&#8221;4.23.4&#8243; _module_preset=&#8221;default&#8221; global_colors_info=&#8221;{}&#8221;][et_pb_image src=&#8221;https:\/\/www.testblog.host25.com\/wp-content\/uploads\/2024\/04\/download-4.png&#8221; title_text=&#8221;download (4)&#8221; align=&#8221;center&#8221; _builder_version=&#8221;4.24.0&#8243; _module_preset=&#8221;default&#8221; global_colors_info=&#8221;{}&#8221;][\/et_pb_image][\/et_pb_column][\/et_pb_row][et_pb_row _builder_version=&#8221;4.23.4&#8243; _module_preset=&#8221;default&#8221; global_colors_info=&#8221;{}&#8221;][et_pb_column type=&#8221;4_4&#8243; _builder_version=&#8221;4.23.4&#8243; _module_preset=&#8221;default&#8221; global_colors_info=&#8221;{}&#8221;][et_pb_text _builder_version=&#8221;4.24.0&#8243; _module_preset=&#8221;default&#8221; text_text_color=&#8221;#484c5a&#8221; global_colors_info=&#8221;{}&#8221;]<\/p>\n<p>Posebna ekipa obu\u010denih servisera sa dugogodi\u0161njim iskustvom specijalizovana je za sve vrste remonta \u0161asije, karoserije i oplate : solo, zglobnih i turisti\u010dkih autobusa uz primenu najnovije tehnologije izvla\u010denja, ispravljanja, spajanja i za\u0161tite materijala.<\/p>\n<p><span><\/span><\/p>\n<p>[\/et_pb_text][\/et_pb_column][\/et_pb_row][et_pb_row _builder_version=&#8221;4.23.4&#8243; _module_preset=&#8221;default&#8221; global_colors_info=&#8221;{}&#8221;][et_pb_column type=&#8221;4_4&#8243; _builder_version=&#8221;4.23.4&#8243; _module_preset=&#8221;default&#8221; global_colors_info=&#8221;{}&#8221;][et_pb_image src=&#8221;https:\/\/www.testblog.host25.com\/wp-content\/uploads\/2024\/04\/download-5.png&#8221; title_text=&#8221;download (5)&#8221; align=&#8221;center&#8221; _builder_version=&#8221;4.24.0&#8243; _module_preset=&#8221;default&#8221; global_colors_info=&#8221;{}&#8221;][\/et_pb_image][\/et_pb_column][\/et_pb_row][et_pb_row _builder_version=&#8221;4.23.4&#8243; _module_preset=&#8221;default&#8221; global_colors_info=&#8221;{}&#8221;][et_pb_column type=&#8221;4_4&#8243; _builder_version=&#8221;4.23.4&#8243; _module_preset=&#8221;default&#8221; global_colors_info=&#8221;{}&#8221;][et_pb_text _builder_version=&#8221;4.24.0&#8243; _module_preset=&#8221;default&#8221; text_font=&#8221;Montserrat||||||||&#8221; text_text_color=&#8221;#484c5a&#8221; global_colors_info=&#8221;{}&#8221;]<\/p>\n<h3>Poliranje<\/h3>\n<p>Kozmetika je bitna za svako vozilo. Mi posve\u0107ujemo posebnu pa\u017enju poliranju vozila i poliranju farova. Poliranje i voskiranje predstavljaju odli\u010dnu za\u0161titu \u00a0vozila od uticaja sunca, vode, vlage i sitnih ogrebotina. Nakon poliranja automobil karakteri\u0161u blistav sjaj i vra\u0107ena originalna nijansa boje.\u00a0 Nakon delimi\u010dnog lakiranja vr\u0161imo poliranje susednih nelakiranih panela \u00a0kako bi postigli ujedna\u010den izgled.<\/p>\n<h3>Ugradnja stakala<\/h3>\n<p>Da bi se zaokruzila tehnolo\u0161ka celina vr\u0161imo ugradnju svih vrsta auto stakala ,prednje voza\u010dko, zadnje i bo\u010dna bez razlike na marku i tip vozila. Primenjujemo tehnologiju lepljenja i ugradnju na gumu(keder) Lepljenje vr\u0161imo sa proverenim i renomiranim materijalima.<\/p>\n<h3>Boje i potro\u0161ni materijali<\/h3>\n<p>Da bi servis zadovoljio sve potrebne standarde i zahteve kupaca dugotrajnost reparacije i ta\u010dnost nijanse, oformio je sopstveni magacin boja, potro\u0161nog materijala i sistem za miksovanje i toniranje boja.<\/p>\n<p>[\/et_pb_text][\/et_pb_column][\/et_pb_row][et_pb_row _builder_version=&#8221;4.23.4&#8243; _module_preset=&#8221;default&#8221; global_colors_info=&#8221;{}&#8221;][et_pb_column type=&#8221;4_4&#8243; _builder_version=&#8221;4.23.4&#8243; _module_preset=&#8221;default&#8221; global_colors_info=&#8221;{}&#8221;][et_pb_image src=&#8221;https:\/\/www.testblog.host25.com\/wp-content\/uploads\/2024\/01\/PPG_1_220317.jpg&#8221; title_text=&#8221;PPG_1_220317&#8243; align=&#8221;center&#8221; _builder_version=&#8221;4.23.4&#8243; _module_preset=&#8221;default&#8221; global_colors_info=&#8221;{}&#8221;][\/et_pb_image][\/et_pb_column][\/et_pb_row][et_pb_row _builder_version=&#8221;4.23.4&#8243; _module_preset=&#8221;default&#8221; global_colors_info=&#8221;{}&#8221;][et_pb_column type=&#8221;4_4&#8243; _builder_version=&#8221;4.23.4&#8243; _module_preset=&#8221;default&#8221; global_colors_info=&#8221;{}&#8221;][et_pb_text _builder_version=&#8221;4.24.0&#8243; _module_preset=&#8221;default&#8221; text_font=&#8221;Montserrat||||||||&#8221; text_text_color=&#8221;#484c5a&#8221; global_colors_info=&#8221;{}&#8221;]<\/p>\n<p>Me\u0111u prvima u \u00a0okrugu po\u010deli smo sa upotrebom ekolo\u0161kih materijala iz sistema Axalta coating systems, Cromax water paint system, PPG pint system. Svi materijali su u skladu sa va\u017ee\u0107im regulativama o emisiji \u0161tetnih i isparljivih materijala(V.O.C). Da bi sa uspehom mogli ispuniti zahteve proizvo\u0111a\u010da vozila po pitanju kvaliteta lakiranja, posedujemo sve vrste materijala za savremenu i kompletnu reparaturu od svih svetskih proizvo\u0111a\u010da boja do potro\u0161nog materijala.<\/p>\n<h3>Kako re\u0161iti \u0161tetu<\/h3>\n<p>S ciljem da se \u0161to vi\u0161e pribli\u017eimo korisnicima na\u0161im usluga uspostavili smo tradicionalno dobro saradnju sa svim osiguravaju\u0107im ku\u0107ama u oblasti auto odgovornosti po osnovu \u0161teta, \u0161to podrazumeva da u tim nepredvi\u0111enim okolnostima izvr\u0161imo popravku va\u0161eg vozila po sistemu \u201eklju\u010d u ruke\u201c, a da Va\u0161e finansijske obaveze putem garantnog pisma potra\u017eujemo od osigurava\u010da u zavisnosti ko preuzima \u0161tetu: Dunav osiguranje; DDOR; Uniqa; Triglav; AMSS;\u00a0 Generali; Wiener; Globos; Sava; Milenijum, As&#8230;..<br \/>Kao i za sve ostale usluge u na\u0161em centru svim korisnicima odobravamo odlo\u017eeno pla\u0107anje putem \u010dekova ili administrativne zabrane.<\/p>\n<p>[\/et_pb_text][\/et_pb_column][\/et_pb_row][et_pb_row _builder_version=&#8221;4.23.4&#8243; _module_preset=&#8221;default&#8221; global_colors_info=&#8221;{}&#8221;][et_pb_column type=&#8221;4_4&#8243; _builder_version=&#8221;4.23.4&#8243; _module_preset=&#8221;default&#8221; global_colors_info=&#8221;{}&#8221;][et_pb_image src=&#8221;https:\/\/www.testblog.host25.com\/wp-content\/uploads\/2024\/04\/download-7.png&#8221; title_text=&#8221;download (7)&#8221; align=&#8221;center&#8221; _builder_version=&#8221;4.24.0&#8243; _module_preset=&#8221;default&#8221; hover_enabled=&#8221;0&#8243; global_colors_info=&#8221;{}&#8221; sticky_enabled=&#8221;0&#8243;][\/et_pb_image][\/et_pb_column][\/et_pb_row][\/et_pb_section]<\/p>\n","protected":false},"excerpt":{"rendered":"<p>Servis karoserija Limarsko-lakirerski radovi\u00a0 \u00a0 \u00a0 \u00a0 \u00a0 Remont karoserija Kompletna reparacija\u00a0 vozila Proizvo\u0111a\u010di u automobilskoj industriji uvek preporu\u010duju reparacije vozila isklju\u010divo u ovla\u0161\u0107enim i \u00a0specijalizovanim servisima iz razloga \u0161to oni imaju pristup najnovijim informacijama, tehni\u010dkim biltenima, originalnim rezervnim delovima, preporu\u010denim i obavezuju\u0107im dijagnosti\u010dkim ure\u0111ajima, obu\u010denim i sertifikovanim kadrovima. Lakirnica Servis je opremljen najsavremenijim limarsko-lakirerskim [&hellip;]<\/p>\n","protected":false},"author":1,"featured_media":0,"parent":144,"menu_order":2,"comment_status":"closed","ping_status":"open","template":"","meta":{"_et_pb_use_builder":"on","_et_pb_old_content":"<!-- wp:divi\/placeholder \/-->","_et_gb_content_width":"","footnotes":""},"class_list":["post-162","page","type-page","status-publish","hentry"],"_links":{"self":[{"href":"https:\/\/autoremont.rs\/index.php\/wp-json\/wp\/v2\/pages\/162","targetHints":{"allow":["GET"]}}],"collection":[{"href":"https:\/\/autoremont.rs\/index.php\/wp-json\/wp\/v2\/pages"}],"about":[{"href":"https:\/\/autoremont.rs\/index.php\/wp-json\/wp\/v2\/types\/page"}],"author":[{"embeddable":true,"href":"https:\/\/autoremont.rs\/index.php\/wp-json\/wp\/v2\/users\/1"}],"replies":[{"embeddable":true,"href":"https:\/\/autoremont.rs\/index.php\/wp-json\/wp\/v2\/comments?post=162"}],"version-history":[{"count":19,"href":"https:\/\/autoremont.rs\/index.php\/wp-json\/wp\/v2\/pages\/162\/revisions"}],"predecessor-version":[{"id":942,"href":"https:\/\/autoremont.rs\/index.php\/wp-json\/wp\/v2\/pages\/162\/revisions\/942"}],"up":[{"embeddable":true,"href":"https:\/\/autoremont.rs\/index.php\/wp-json\/wp\/v2\/pages\/144"}],"wp:attachment":[{"href":"https:\/\/autoremont.rs\/index.php\/wp-json\/wp\/v2\/media?parent=162"}],"curies":[{"name":"wp","href":"https:\/\/api.w.org\/{rel}","templated":true}]}}