{"id":164,"date":"2024-01-10T21:58:05","date_gmt":"2024-01-10T21:58:05","guid":{"rendered":"https:\/\/www.testblog.host25.com\/?page_id=164"},"modified":"2024-04-23T19:02:09","modified_gmt":"2024-04-23T19:02:09","slug":"servis-komercijalnih-vozila","status":"publish","type":"page","link":"https:\/\/autoremont.rs\/index.php\/servis\/servis-komercijalnih-vozila\/","title":{"rendered":"Servis komercijalnih vozila"},"content":{"rendered":"<p>[et_pb_section fb_built=&#8221;1&#8243; custom_padding_last_edited=&#8221;on|phone&#8221; admin_label=&#8221;About Us&#8221; _builder_version=&#8221;4.24.0&#8243; background_enable_pattern_style=&#8221;on&#8221; background_pattern_style=&#8221;diagonal-stripes-2&#8243; background_pattern_color=&#8221;rgba(0,0,0,0.008)&#8221; custom_padding=&#8221;70px|0px||0px|false|false&#8221; custom_padding_tablet=&#8221;120px|0px||0px|false|false&#8221; custom_padding_phone=&#8221;60px|0px||0px|false|false&#8221; saved_tabs=&#8221;all&#8221; global_colors_info=&#8221;{}&#8221;][et_pb_row _builder_version=&#8221;4.16&#8243; max_width=&#8221;960px&#8221; module_alignment=&#8221;center&#8221; use_custom_width=&#8221;on&#8221; custom_width_px=&#8221;960px&#8221; locked=&#8221;off&#8221; global_colors_info=&#8221;{}&#8221;][et_pb_column type=&#8221;4_4&#8243; _builder_version=&#8221;4.16&#8243; custom_padding=&#8221;|||&#8221; global_colors_info=&#8221;{}&#8221; custom_padding__hover=&#8221;|||&#8221;][et_pb_text admin_label=&#8221;Title&#8221; _builder_version=&#8221;4.24.0&#8243; text_font=&#8221;Montserrat||||||||&#8221; text_font_size=&#8221;15px&#8221; text_line_height=&#8221;1.8em&#8221; header_font=&#8221;||||||||&#8221; header_2_font=&#8221;Montserrat||||||||&#8221; header_2_text_color=&#8221;#ae0427&#8243; header_2_font_size=&#8221;46px&#8221; text_orientation=&#8221;center&#8221; max_width=&#8221;750px&#8221; module_alignment=&#8221;center&#8221; custom_margin=&#8221;|||&#8221; header_2_font_size_tablet=&#8221;66px&#8221; header_2_font_size_phone=&#8221;36px&#8221; header_2_font_size_last_edited=&#8221;on|phone&#8221; global_colors_info=&#8221;{}&#8221;]<\/p>\n<h2>Servis komercijalnih vozila<\/h2>\n<p style=\"text-align: left;\">[\/et_pb_text][\/et_pb_column][\/et_pb_row][et_pb_row _builder_version=&#8221;4.24.0&#8243; _module_preset=&#8221;default&#8221; custom_padding=&#8221;|10%||10%|false|false&#8221; global_colors_info=&#8221;{}&#8221;][et_pb_column type=&#8221;4_4&#8243; _builder_version=&#8221;4.23.4&#8243; _module_preset=&#8221;default&#8221; global_colors_info=&#8221;{}&#8221;][et_pb_text _builder_version=&#8221;4.24.0&#8243; _module_preset=&#8221;default&#8221; text_font=&#8221;Montserrat||||||||&#8221; text_text_color=&#8221;#484c5a&#8221; global_colors_info=&#8221;{}&#8221;]<\/p>\n<h3><span>Na\u0161e iskustvo je najbolja preporuka<\/span><span id=\"more-2811\"><\/span><\/h3>\n<p>Poseban akcenat stavljamo na vozila kojima obavljate Va\u0161u delatnost. Ovoj oblasti posve\u0107ujemo dodatnu pa\u017enju kao Va\u0161 pouzdan partner na putu cene\u0107i Va\u0161e vreme i novac.<\/p>\n<p>[\/et_pb_text][\/et_pb_column][\/et_pb_row][et_pb_row _builder_version=&#8221;4.23.4&#8243; _module_preset=&#8221;default&#8221; global_colors_info=&#8221;{}&#8221;][et_pb_column type=&#8221;4_4&#8243; _builder_version=&#8221;4.23.4&#8243; _module_preset=&#8221;default&#8221; global_colors_info=&#8221;{}&#8221;][et_pb_image src=&#8221;https:\/\/www.testblog.host25.com\/wp-content\/uploads\/2024\/04\/download-3.png&#8221; title_text=&#8221;download (3)&#8221; align=&#8221;center&#8221; _builder_version=&#8221;4.24.0&#8243; _module_preset=&#8221;default&#8221; hover_enabled=&#8221;0&#8243; global_colors_info=&#8221;{}&#8221; sticky_enabled=&#8221;0&#8243;][\/et_pb_image][\/et_pb_column][\/et_pb_row][et_pb_row _builder_version=&#8221;4.24.0&#8243; _module_preset=&#8221;default&#8221; custom_padding=&#8221;|10%||10%|false|false&#8221; global_colors_info=&#8221;{}&#8221;][et_pb_column type=&#8221;4_4&#8243; _builder_version=&#8221;4.23.4&#8243; _module_preset=&#8221;default&#8221; global_colors_info=&#8221;{}&#8221;][et_pb_text _builder_version=&#8221;4.24.0&#8243; _module_preset=&#8221;default&#8221; text_font=&#8221;Montserrat||||||||&#8221; text_text_color=&#8221;#484c5a&#8221; global_colors_info=&#8221;{}&#8221;]<\/p>\n<p>Vlasnici komercijalnih vozila iz grupe FIAT PROFESSIONAL nemaju ni jedan razlog da ne povere svoje vozilo profesionalcima koji su ovla\u0161\u0107eni i sertifikovani od strane proizvo\u0111a\u010da.<\/p>\n<p>Na\u0161e dugogodi\u0161nje iskustvo u ovoj oblasti dozvoljava nam da sa sigurno\u0161\u0107u mo\u017eemo prihvatiti bilo koju marku i tip komercijalnog vozila na servisiranje.<\/p>\n<p>[\/et_pb_text][\/et_pb_column][\/et_pb_row][et_pb_row _builder_version=&#8221;4.23.4&#8243; _module_preset=&#8221;default&#8221; global_colors_info=&#8221;{}&#8221;][et_pb_column type=&#8221;4_4&#8243; _builder_version=&#8221;4.23.4&#8243; _module_preset=&#8221;default&#8221; global_colors_info=&#8221;{}&#8221;][et_pb_image src=&#8221;https:\/\/www.testblog.host25.com\/wp-content\/uploads\/2024\/04\/download-2.png&#8221; title_text=&#8221;download (2)&#8221; align=&#8221;center&#8221; _builder_version=&#8221;4.24.0&#8243; _module_preset=&#8221;default&#8221; hover_enabled=&#8221;0&#8243; global_colors_info=&#8221;{}&#8221; sticky_enabled=&#8221;0&#8243;][\/et_pb_image][\/et_pb_column][\/et_pb_row][et_pb_row _builder_version=&#8221;4.24.0&#8243; _module_preset=&#8221;default&#8221; custom_padding=&#8221;|10%||10%|false|false&#8221; global_colors_info=&#8221;{}&#8221;][et_pb_column type=&#8221;4_4&#8243; _builder_version=&#8221;4.23.4&#8243; _module_preset=&#8221;default&#8221; global_colors_info=&#8221;{}&#8221;][et_pb_text _builder_version=&#8221;4.24.0&#8243; _module_preset=&#8221;default&#8221; text_font=&#8221;Montserrat||||||||&#8221; text_text_color=&#8221;#484c5a&#8221; global_colors_info=&#8221;{}&#8221;]<\/p>\n<p>Na raspolaganju Vam stojimo sa \u010detiri teretne makazaste dizalice od 3,5 i 5 tona, tri kanala, posebno opremljen boks za brze intervencije, specijalne alate, dijagnosti\u010dke ure\u0111aje najnovije generacije i stru\u010dno osoblje na prijemu koje \u0107e profesionalno sagledati Va\u0161 problem na vozilu<\/p>\n<p>Na\u0161 tehni\u010dki tim koriste\u0107i logisti\u010dku podr\u0161ku FIAT PROFESSIONAL i uz redovno usavr\u0161avanje i pra\u0107enje najnovijih tehni\u010dka dostignu\u0107a u auto servisnoj delatnosti\u00a0 u mogu\u0107nosti je da re\u0161i i tako re\u0107i nere\u0161ivi problem na Va\u0161em vozilu.<\/p>\n<p>[\/et_pb_text][\/et_pb_column][\/et_pb_row][et_pb_row _builder_version=&#8221;4.23.4&#8243; _module_preset=&#8221;default&#8221; global_colors_info=&#8221;{}&#8221;][et_pb_column type=&#8221;4_4&#8243; _builder_version=&#8221;4.23.4&#8243; _module_preset=&#8221;default&#8221; global_colors_info=&#8221;{}&#8221;][et_pb_image src=&#8221;https:\/\/www.testblog.host25.com\/wp-content\/uploads\/2024\/04\/download-1.png&#8221; title_text=&#8221;download (1)&#8221; align=&#8221;center&#8221; _builder_version=&#8221;4.24.0&#8243; _module_preset=&#8221;default&#8221; hover_enabled=&#8221;0&#8243; global_colors_info=&#8221;{}&#8221; sticky_enabled=&#8221;0&#8243;][\/et_pb_image][\/et_pb_column][\/et_pb_row][\/et_pb_section]<\/p>\n","protected":false},"excerpt":{"rendered":"<p>Servis komercijalnih vozila Na\u0161e iskustvo je najbolja preporuka Poseban akcenat stavljamo na vozila kojima obavljate Va\u0161u delatnost. Ovoj oblasti posve\u0107ujemo dodatnu pa\u017enju kao Va\u0161 pouzdan partner na putu cene\u0107i Va\u0161e vreme i novac.Vlasnici komercijalnih vozila iz grupe FIAT PROFESSIONAL nemaju ni jedan razlog da ne povere svoje vozilo profesionalcima koji su ovla\u0161\u0107eni i sertifikovani od [&hellip;]<\/p>\n","protected":false},"author":1,"featured_media":0,"parent":144,"menu_order":3,"comment_status":"closed","ping_status":"open","template":"","meta":{"_et_pb_use_builder":"on","_et_pb_old_content":"<!-- wp:divi\/placeholder \/-->","_et_gb_content_width":"","footnotes":""},"class_list":["post-164","page","type-page","status-publish","hentry"],"_links":{"self":[{"href":"https:\/\/autoremont.rs\/index.php\/wp-json\/wp\/v2\/pages\/164","targetHints":{"allow":["GET"]}}],"collection":[{"href":"https:\/\/autoremont.rs\/index.php\/wp-json\/wp\/v2\/pages"}],"about":[{"href":"https:\/\/autoremont.rs\/index.php\/wp-json\/wp\/v2\/types\/page"}],"author":[{"embeddable":true,"href":"https:\/\/autoremont.rs\/index.php\/wp-json\/wp\/v2\/users\/1"}],"replies":[{"embeddable":true,"href":"https:\/\/autoremont.rs\/index.php\/wp-json\/wp\/v2\/comments?post=164"}],"version-history":[{"count":12,"href":"https:\/\/autoremont.rs\/index.php\/wp-json\/wp\/v2\/pages\/164\/revisions"}],"predecessor-version":[{"id":932,"href":"https:\/\/autoremont.rs\/index.php\/wp-json\/wp\/v2\/pages\/164\/revisions\/932"}],"up":[{"embeddable":true,"href":"https:\/\/autoremont.rs\/index.php\/wp-json\/wp\/v2\/pages\/144"}],"wp:attachment":[{"href":"https:\/\/autoremont.rs\/index.php\/wp-json\/wp\/v2\/media?parent=164"}],"curies":[{"name":"wp","href":"https:\/\/api.w.org\/{rel}","templated":true}]}}