{"id":170,"date":"2024-01-10T21:59:46","date_gmt":"2024-01-10T21:59:46","guid":{"rendered":"https:\/\/www.testblog.host25.com\/?page_id=170"},"modified":"2024-04-23T14:50:27","modified_gmt":"2024-04-23T14:50:27","slug":"slep-sluzba","status":"publish","type":"page","link":"https:\/\/autoremont.rs\/index.php\/servis\/slep-sluzba\/","title":{"rendered":"\u0160lep slu\u017eba"},"content":{"rendered":"<p>[et_pb_section fb_built=&#8221;1&#8243; custom_padding_last_edited=&#8221;on|phone&#8221; admin_label=&#8221;About Us&#8221; _builder_version=&#8221;4.24.0&#8243; background_enable_pattern_style=&#8221;on&#8221; background_pattern_style=&#8221;diagonal-stripes-2&#8243; background_pattern_color=&#8221;rgba(0,0,0,0.008)&#8221; custom_padding=&#8221;70px|10%||10%|false|false&#8221; custom_padding_tablet=&#8221;120px|0px||0px|false|false&#8221; custom_padding_phone=&#8221;60px|0px||0px|false|false&#8221; saved_tabs=&#8221;all&#8221; global_colors_info=&#8221;{}&#8221;][et_pb_row _builder_version=&#8221;4.16&#8243; max_width=&#8221;960px&#8221; module_alignment=&#8221;center&#8221; use_custom_width=&#8221;on&#8221; custom_width_px=&#8221;960px&#8221; locked=&#8221;off&#8221; global_colors_info=&#8221;{}&#8221;][et_pb_column type=&#8221;4_4&#8243; _builder_version=&#8221;4.16&#8243; custom_padding=&#8221;|||&#8221; global_colors_info=&#8221;{}&#8221; custom_padding__hover=&#8221;|||&#8221;][et_pb_text admin_label=&#8221;Title&#8221; _builder_version=&#8221;4.24.0&#8243; text_font=&#8221;Montserrat||||||||&#8221; text_line_height=&#8221;1.8em&#8221; header_font=&#8221;||||||||&#8221; header_2_font=&#8221;Montserrat||||||||&#8221; header_2_font_size=&#8221;46px&#8221; text_orientation=&#8221;center&#8221; max_width=&#8221;750px&#8221; module_alignment=&#8221;center&#8221; custom_margin=&#8221;|||&#8221; header_2_font_size_tablet=&#8221;66px&#8221; header_2_font_size_phone=&#8221;36px&#8221; header_2_font_size_last_edited=&#8221;on|phone&#8221; global_colors_info=&#8221;{}&#8221;]<\/p>\n<h2>\u0160lep slu\u017eba<\/h2>\n<p style=\"text-align: left;\">[\/et_pb_text][\/et_pb_column][\/et_pb_row][et_pb_row _builder_version=&#8221;4.23.4&#8243; _module_preset=&#8221;default&#8221; global_colors_info=&#8221;{}&#8221;][et_pb_column type=&#8221;4_4&#8243; _builder_version=&#8221;4.23.4&#8243; _module_preset=&#8221;default&#8221; global_colors_info=&#8221;{}&#8221;][et_pb_text _builder_version=&#8221;4.24.0&#8243; _module_preset=&#8221;default&#8221; text_font=&#8221;Montserrat||||||||&#8221; text_text_color=&#8221;#484c5a&#8221; hover_enabled=&#8221;0&#8243; global_colors_info=&#8221;{}&#8221; sticky_enabled=&#8221;0&#8243;]<\/p>\n<h3><span>Sa nama ste uvek sigurni<\/span><span id=\"more-3246\"><\/span><\/h3>\n<p>&nbsp;<\/p>\n<p>Na\u0161a \u0161lep slu\u017eba raspola\u017ee profesionalnim i iskusnim kadrom za organizaciju pomo\u0107i na putu. Ako Va\u0161e vozilo putni\u010dko ili lako komercijalno vozilo ostane u kvaru pru\u017ei\u0107emo Vam transport vozila do lokacije po va\u0161oj \u017eelji.<\/p>\n<p>Za na\u0161e stalne klijente ili ugovorene kupce odobrava se dodatni popust.<\/p>\n<p>[\/et_pb_text][\/et_pb_column][\/et_pb_row][et_pb_row _builder_version=&#8221;4.23.4&#8243; _module_preset=&#8221;default&#8221; global_colors_info=&#8221;{}&#8221;][et_pb_column type=&#8221;4_4&#8243; _builder_version=&#8221;4.23.4&#8243; _module_preset=&#8221;default&#8221; hover_enabled=&#8221;0&#8243; global_colors_info=&#8221;{}&#8221; sticky_enabled=&#8221;0&#8243;][et_pb_image src=&#8221;https:\/\/www.testblog.host25.com\/wp-content\/uploads\/2024\/04\/download.png&#8221; title_text=&#8221;download&#8221; align=&#8221;center&#8221; _builder_version=&#8221;4.24.0&#8243; _module_preset=&#8221;default&#8221; hover_enabled=&#8221;0&#8243; global_colors_info=&#8221;{}&#8221; sticky_enabled=&#8221;0&#8243;][\/et_pb_image][et_pb_image src=&#8221;https:\/\/www.testblog.host25.com\/wp-content\/uploads\/2024\/04\/IMG_1959.jpg&#8221; title_text=&#8221;IMG_1959&#8243; align=&#8221;center&#8221; _builder_version=&#8221;4.24.0&#8243; _module_preset=&#8221;default&#8221; hover_enabled=&#8221;0&#8243; global_colors_info=&#8221;{}&#8221; sticky_enabled=&#8221;0&#8243;][\/et_pb_image][\/et_pb_column][\/et_pb_row][\/et_pb_section]<\/p>\n","protected":false},"excerpt":{"rendered":"<p>\u0160lep slu\u017eba Sa nama ste uvek sigurni &nbsp; Na\u0161a \u0161lep slu\u017eba raspola\u017ee profesionalnim i iskusnim kadrom za organizaciju pomo\u0107i na putu. Ako Va\u0161e vozilo putni\u010dko ili lako komercijalno vozilo ostane u kvaru pru\u017ei\u0107emo Vam transport vozila do lokacije po va\u0161oj \u017eelji. Za na\u0161e stalne klijente ili ugovorene kupce odobrava se dodatni popust.<\/p>\n","protected":false},"author":1,"featured_media":0,"parent":144,"menu_order":6,"comment_status":"closed","ping_status":"open","template":"","meta":{"_et_pb_use_builder":"on","_et_pb_old_content":"<!-- wp:divi\/placeholder \/-->","_et_gb_content_width":"","footnotes":""},"class_list":["post-170","page","type-page","status-publish","hentry"],"_links":{"self":[{"href":"https:\/\/autoremont.rs\/index.php\/wp-json\/wp\/v2\/pages\/170","targetHints":{"allow":["GET"]}}],"collection":[{"href":"https:\/\/autoremont.rs\/index.php\/wp-json\/wp\/v2\/pages"}],"about":[{"href":"https:\/\/autoremont.rs\/index.php\/wp-json\/wp\/v2\/types\/page"}],"author":[{"embeddable":true,"href":"https:\/\/autoremont.rs\/index.php\/wp-json\/wp\/v2\/users\/1"}],"replies":[{"embeddable":true,"href":"https:\/\/autoremont.rs\/index.php\/wp-json\/wp\/v2\/comments?post=170"}],"version-history":[{"count":12,"href":"https:\/\/autoremont.rs\/index.php\/wp-json\/wp\/v2\/pages\/170\/revisions"}],"predecessor-version":[{"id":906,"href":"https:\/\/autoremont.rs\/index.php\/wp-json\/wp\/v2\/pages\/170\/revisions\/906"}],"up":[{"embeddable":true,"href":"https:\/\/autoremont.rs\/index.php\/wp-json\/wp\/v2\/pages\/144"}],"wp:attachment":[{"href":"https:\/\/autoremont.rs\/index.php\/wp-json\/wp\/v2\/media?parent=170"}],"curies":[{"name":"wp","href":"https:\/\/api.w.org\/{rel}","templated":true}]}}