{"id":597,"date":"2024-01-22T19:09:56","date_gmt":"2024-01-22T19:09:56","guid":{"rendered":"https:\/\/www.testblog.host25.com\/?page_id=597"},"modified":"2024-01-22T19:19:48","modified_gmt":"2024-01-22T19:19:48","slug":"o-nama","status":"publish","type":"page","link":"https:\/\/autoremont.rs\/index.php\/o-nama\/","title":{"rendered":"O nama"},"content":{"rendered":"<p>[et_pb_section fb_built=&#8221;1&#8243; admin_label=&#8221;About Us&#8221; _builder_version=&#8221;4.24.0&#8243; background_enable_pattern_style=&#8221;on&#8221; background_pattern_style=&#8221;diagonal-stripes-2&#8243; background_pattern_color=&#8221;rgba(0,0,0,0.008)&#8221; custom_padding=&#8221;90px|0px||0px|false|false&#8221; saved_tabs=&#8221;all&#8221; global_colors_info=&#8221;{}&#8221;][et_pb_row _builder_version=&#8221;4.16&#8243; max_width=&#8221;960px&#8221; module_alignment=&#8221;center&#8221; use_custom_width=&#8221;on&#8221; custom_width_px=&#8221;960px&#8221; locked=&#8221;off&#8221; global_colors_info=&#8221;{}&#8221;][et_pb_column type=&#8221;4_4&#8243; _builder_version=&#8221;4.16&#8243; custom_padding=&#8221;|||&#8221; global_colors_info=&#8221;{}&#8221; custom_padding__hover=&#8221;|||&#8221;][et_pb_text admin_label=&#8221;Title&#8221; _builder_version=&#8221;4.24.0&#8243; text_font=&#8221;Lato||||||||&#8221; text_font_size=&#8221;18px&#8221; text_line_height=&#8221;1.8em&#8221; header_font=&#8221;|||on|||||&#8221; header_2_font=&#8221;Montserrat|500||on|||||&#8221; header_2_text_color=&#8221;#333333&#8243; header_2_font_size=&#8221;46px&#8221; text_orientation=&#8221;center&#8221; max_width=&#8221;750px&#8221; module_alignment=&#8221;center&#8221; custom_margin=&#8221;|||&#8221; hover_enabled=&#8221;0&#8243; header_2_font_size_tablet=&#8221;66px&#8221; header_2_font_size_phone=&#8221;36px&#8221; header_2_font_size_last_edited=&#8221;on|phone&#8221; header_text_shadow_style=&#8221;preset2&#8243; header_2_text_shadow_style=&#8221;preset1&#8243; header_2_text_shadow_vertical_length=&#8221;0.05em&#8221; header_2_text_shadow_blur_strength=&#8221;0.05em&#8221; global_colors_info=&#8221;{}&#8221; sticky_enabled=&#8221;0&#8243;]<\/p>\n<h2>O NAMA<\/h2>\n<p style=\"text-align: left;\">\n<p>[\/et_pb_text][\/et_pb_column][\/et_pb_row][\/et_pb_section][et_pb_section fb_built=&#8221;1&#8243; theme_builder_area=&#8221;post_content&#8221; _builder_version=&#8221;4.24.0&#8243; _module_preset=&#8221;default&#8221; hover_enabled=&#8221;0&#8243; sticky_enabled=&#8221;0&#8243; custom_margin=&#8221;-80px||||false|false&#8221; background_enable_pattern_style=&#8221;on&#8221; background_pattern_style=&#8221;diagonal-stripes-2&#8243; background_pattern_color=&#8221;rgba(0,0,0,0.008)&#8221;][et_pb_row _builder_version=&#8221;4.24.0&#8243; _module_preset=&#8221;default&#8221; theme_builder_area=&#8221;post_content&#8221;][et_pb_column _builder_version=&#8221;4.24.0&#8243; _module_preset=&#8221;default&#8221; type=&#8221;4_4&#8243; theme_builder_area=&#8221;post_content&#8221;][et_pb_text _builder_version=&#8221;4.24.0&#8243; _module_preset=&#8221;default&#8221; theme_builder_area=&#8221;post_content&#8221; hover_enabled=&#8221;0&#8243; sticky_enabled=&#8221;0&#8243; text_font=&#8221;Montserrat||||||||&#8221;]<\/p>\n<p>Preduze\u0107e je osnovano 29.09.1992. godine u privatnom vlasni\u0161tvu, i po\u010delo sa radom kao mala radionica za popravku vozila. Od osnivanja do danas, preduze\u0107e je pro\u0161lo kroz sve faze rasta &#8211; od male radionice 80-tih godina u Zmaj Jovinoj ulici pa sve do savremenog autocentra sa 40 zaposlenih i 3.800 m2 poslovnih objekata koji su raspore\u0111eni na povr\u0161ini od 25.000 m2 zemlji\u0161ta.<\/p>\n<p>Za dvadeset godina postojanja stekli smo neprocenjivo iskustvo u autoservisnoj delatnosti. Postigli smo ozbiljne rezultate, ulo\u017eili velike napore i uveli niz promena u poslovanju.<br \/>Rezultat takve poslovne politike je i dobijanje &#8220;JUQS&#8221; i &#8220;I NET&#8221; sertifikata (International certification network quality managment system ISO 9001:2008).<\/p>\n<p><span style=\"font-size: 14px;\">Zbog prirode posla, trudimo se da zadovoljimo zahteve kupaca iz neposrednog okru\u017eenja, pa svoju pa\u017enju usmeravamo uglavnom na podru\u010dje Ju\u017enobanatskog okurga i grada Beograda, \u010diji stanovnici koriste povoljnost blizine Pan\u010deva.<\/span><\/p>\n<p><span style=\"font-size: 14px;\">Referenc lista je iz tog razloga velika i uglavnom sadr\u017ei preduze\u0107a i preduzetnike sa pomenutih podru\u010dja, \u0161to dovoljno govori o kvalitetu usluga i zadovoljstvu kupaca koji nam se stalno vra\u0107aju.<\/span><\/p>\n<p>U cilju daljeg pobolj\u0161anja kvaliteta usluga , decembra 2008. godine pu\u0161ten je u rad novi objekat za sve vrste limarsko &#8211; lakirerskih radova, koji je opremljen najsavremenijom opremom. U sastavu tog objekta nalaze se dve komore za pe\u010denje boje koje po kapacitetu mogu da prihvate sve vrste vozila &#8211; od putni\u010dkih automobile do zglobnih autobusa.<\/p>\n<p>U cilju zadovoljenja Zakonskih propisa, po\u010detkom 2011-te godine odvojili smo delatnost Tehni\u010dkog pregleda I regitstracije vozila u novo preduze\u0107e Autocentar Piva\u0161evi\u0107 doo, koje se nalazi na istoj lokaciji. U okviru ovog preduze\u0107a registrovali smo, pored stare linije za sve vrste vozila I traktora, I novu savremenu liniju tehni\u010dkog pregleda za vozila do 3.5 T.<\/p>\n<p><span style=\"font-size: 14px;\">Autoremont Piva\u0161evi\u0107 doo i Autocentar Piva\u0161evi\u0107 doo danas svojim klijentima nudi \u0161irok dijapazon usluga.<\/span><\/p>\n<ul>\n<li>Ovla\u0161\u0107eni prodavac i serviser Fiat-a<\/li>\n<li>Ovla\u0161\u0107eni serviser Iveco Daily line.<\/li>\n<li>Ovla\u0161\u0107eni prodavac i serviser Lade<\/li>\n<li>Servisiranje svih putni\u010dkih i komercijalnih vozila<\/li>\n<li>Prodaja vozila i rezervnih delova<\/li>\n<li>Autodijagnostika<\/li>\n<li>Autoelektrika<\/li>\n<li>Automehanika<\/li>\n<li>Autolimarija<\/li>\n<li>Autolakiranje-pe\u010denje boje<\/li>\n<li>Miksovanje-toniranje boja<\/li>\n<li>Ugradnja autogasa<\/li>\n<li>Atestiranje vozila<\/li>\n<li>Vulkanizerske usluge<\/li>\n<li>Tehni\u010dki pregled<\/li>\n<li>Registracija vozila<\/li>\n<li>Autoperionica<\/li>\n<li>\u0160lep slu\u017eba 24h<\/li>\n<li>Partnerstvo sa AMSS-987<\/li>\n<\/ul>\n<p>[\/et_pb_text][\/et_pb_column][\/et_pb_row][\/et_pb_section]<\/p>\n","protected":false},"excerpt":{"rendered":"<p>O NAMA Preduze\u0107e je osnovano 29.09.1992. godine u privatnom vlasni\u0161tvu, i po\u010delo sa radom kao mala radionica za popravku vozila. Od osnivanja do danas, preduze\u0107e je pro\u0161lo kroz sve faze rasta &#8211; od male radionice 80-tih godina u Zmaj Jovinoj ulici pa sve do savremenog autocentra sa 40 zaposlenih i 3.800 m2 poslovnih objekata koji [&hellip;]<\/p>\n","protected":false},"author":1,"featured_media":0,"parent":0,"menu_order":0,"comment_status":"closed","ping_status":"open","template":"","meta":{"_et_pb_use_builder":"on","_et_pb_old_content":"<!-- wp:divi\/placeholder \/-->","_et_gb_content_width":"","footnotes":""},"class_list":["post-597","page","type-page","status-publish","hentry"],"_links":{"self":[{"href":"https:\/\/autoremont.rs\/index.php\/wp-json\/wp\/v2\/pages\/597","targetHints":{"allow":["GET"]}}],"collection":[{"href":"https:\/\/autoremont.rs\/index.php\/wp-json\/wp\/v2\/pages"}],"about":[{"href":"https:\/\/autoremont.rs\/index.php\/wp-json\/wp\/v2\/types\/page"}],"author":[{"embeddable":true,"href":"https:\/\/autoremont.rs\/index.php\/wp-json\/wp\/v2\/users\/1"}],"replies":[{"embeddable":true,"href":"https:\/\/autoremont.rs\/index.php\/wp-json\/wp\/v2\/comments?post=597"}],"version-history":[{"count":3,"href":"https:\/\/autoremont.rs\/index.php\/wp-json\/wp\/v2\/pages\/597\/revisions"}],"predecessor-version":[{"id":607,"href":"https:\/\/autoremont.rs\/index.php\/wp-json\/wp\/v2\/pages\/597\/revisions\/607"}],"wp:attachment":[{"href":"https:\/\/autoremont.rs\/index.php\/wp-json\/wp\/v2\/media?parent=597"}],"curies":[{"name":"wp","href":"https:\/\/api.w.org\/{rel}","templated":true}]}}